{"id":1241,"date":"2023-07-10T06:18:00","date_gmt":"2023-07-10T06:18:00","guid":{"rendered":"https:\/\/dinitasfoodservice.net\/index.php\/ha-olvidado-su-contrasena\/"},"modified":"2023-07-10T06:40:01","modified_gmt":"2023-07-10T06:40:01","slug":"ha-olvidado-su-contrasena","status":"publish","type":"page","link":"https:\/\/dinitasfoodservice.net\/?page_id=1241","title":{"rendered":"Ha olvidado su contrase\u00f1a"},"content":{"rendered":"<div class=\"piereg_container\"><div class=\"piereg_entry-content pieregForgotPassword pieregWrapper\"><div id=\"piereg_forgotpassword\"><div id=\"piereg_login\"><div class=\"alert alert-warning\"><p class=\"piereg_warning fp_desc\">Por favor introduzca su nombre de usuario o direcci\u00f3n de correo electr\u00f3nico. Recibir\u00e1 un enlace para crear una nueva contrase\u00f1a por correo electr\u00f3nico.<\/p><\/div><ul id=\"pie_register\"><form method=\"post\" action=\"\/index.php?rest_route=%2Fwp%2Fv2%2Fpages%2F1241\" id=\"piereg_lostpasswordform\"><li class=\"fields\"><label for=\"user_login\">Username or Email:<\/label><input type=\"text\" size=\"20\" value=\"\" class=\"input input_fields validate[required]\" id=\"reset_user_login\" name=\"user_login\" placeholder=\"\"><\/li><input type=\"hidden\" id=\"piereg_reset_password_nonce\" name=\"piereg_reset_password_nonce\" value=\"96ab0b665e\" \/><input type=\"hidden\" name=\"_wp_http_referer\" value=\"\/index.php?rest_route=%2Fwp%2Fv2%2Fpages%2F1241\" \/><input type=\"hidden\" value=\"\" name=\"redirect_to\"><input type=\"hidden\" value=\"1\" name=\"is_forgot_form\"><li class=\"fields\"><div class=\"fieldset\"><\/div><\/li><li class=\"fields\"><p class=\"submit\"><input type=\"submit\" value=\"Restablecer mi contrase\u00f1a\" class=\"button button-primary button-large\" id=\"wp-reset-submit\" name=\"user-submit\"><\/p><\/li><\/ul>\r\n\t\t<input type=\"hidden\" name=\"reset_pass\" value=\"1\" \/>\r\n\t\t<input type=\"hidden\" name=\"user-cookie\" value=\"1\" \/>\r\n\t  <\/form>\r\n\t<\/div>\r\n\t<\/div>\r\n\t<\/div>\r\n\t<\/div>\n","protected":false},"excerpt":{"rendered":"","protected":false},"author":1,"featured_media":0,"parent":0,"menu_order":0,"comment_status":"closed","ping_status":"closed","template":"","meta":{"_et_pb_use_builder":"","_et_pb_old_content":"","_et_gb_content_width":"1080","_monsterinsights_skip_tracking":false,"_monsterinsights_sitenote_active":false,"_monsterinsights_sitenote_note":"","_monsterinsights_sitenote_category":0,"footnotes":""},"class_list":["post-1241","page","type-page","status-publish","hentry"],"aioseo_notices":[],"_links":{"self":[{"href":"https:\/\/dinitasfoodservice.net\/index.php?rest_route=\/wp\/v2\/pages\/1241","targetHints":{"allow":["GET"]}}],"collection":[{"href":"https:\/\/dinitasfoodservice.net\/index.php?rest_route=\/wp\/v2\/pages"}],"about":[{"href":"https:\/\/dinitasfoodservice.net\/index.php?rest_route=\/wp\/v2\/types\/page"}],"author":[{"embeddable":true,"href":"https:\/\/dinitasfoodservice.net\/index.php?rest_route=\/wp\/v2\/users\/1"}],"replies":[{"embeddable":true,"href":"https:\/\/dinitasfoodservice.net\/index.php?rest_route=%2Fwp%2Fv2%2Fcomments&post=1241"}],"version-history":[{"count":1,"href":"https:\/\/dinitasfoodservice.net\/index.php?rest_route=\/wp\/v2\/pages\/1241\/revisions"}],"predecessor-version":[{"id":1245,"href":"https:\/\/dinitasfoodservice.net\/index.php?rest_route=\/wp\/v2\/pages\/1241\/revisions\/1245"}],"wp:attachment":[{"href":"https:\/\/dinitasfoodservice.net\/index.php?rest_route=%2Fwp%2Fv2%2Fmedia&parent=1241"}],"curies":[{"name":"wp","href":"https:\/\/api.w.org\/{rel}","templated":true}]}}